{"id":24709,"date":"2026-01-12T07:40:44","date_gmt":"2026-01-12T07:40:44","guid":{"rendered":"https:\/\/holyk.kr\/?post_type=product&#038;p=24709"},"modified":"2026-01-12T07:57:15","modified_gmt":"2026-01-12T07:57:15","slug":"%eb%af%b8%ec%88%a0-%ec%9e%91%ec%97%85%ec%9a%a9-%ec%95%9e%ec%b9%98%eb%a7%88-%ec%9e%91%ec%97%85%ec%8b%a4-%ec%98%88%ec%88%a0%ea%b0%80-%ec%98%a4%ec%97%bc%eb%b0%a9%ec%a7%80-%ec%8b%ac%ed%94%8c","status":"publish","type":"product","link":"https:\/\/holyk.kr\/?product=%eb%af%b8%ec%88%a0-%ec%9e%91%ec%97%85%ec%9a%a9-%ec%95%9e%ec%b9%98%eb%a7%88-%ec%9e%91%ec%97%85%ec%8b%a4-%ec%98%88%ec%88%a0%ea%b0%80-%ec%98%a4%ec%97%bc%eb%b0%a9%ec%a7%80-%ec%8b%ac%ed%94%8c","title":{"rendered":"\ubbf8\uc220 \uc791\uc5c5\uc6a9 \uc55e\uce58\ub9c8 \/ \uc791\uc5c5\uc2e4 \uc608\uc220\uac00 \uc624\uc5fc\ubc29\uc9c0 \uc2ec\ud50c"},"content":{"rendered":"<h2 style=\"text-align: center;\">\ubbf8\uc220 \uc791\uc5c5\uc6a9 \uc55e\uce58\ub9c8 \/ \uc791\uc5c5\uc2e4 \uc608\uc220\uac00 \uc624\uc5fc\ubc29\uc9c0 \uc2ec\ud50c<\/h2>\n<p style=\"text-align: center;\">\n<p style=\"text-align: center;\" data-start=\"140\" data-end=\"206\">\ubb3c\uac10\uc774\ub098 \uc789\ud06c\uac00 \ud280\uc5b4\ub3c4 \ubb3c\uc5d0 \uac15\ud55c \uc18c\uc7ac\ub85c \uc81c\uc791\ub418\uc5b4<br data-start=\"167\" data-end=\"170\" \/>\uc624\uc5fc\uc774 \uc0dd\uaca8\ub3c4 \uac00\ubccd\uac8c \ub2e6\uc544\ub0b4\uae30 \uc27d\uace0, \uc138\ucc99 \ud6c4 \ube60\ub974\uac8c \uac74\uc870\ub429\ub2c8\ub2e4.<\/p>\n<p style=\"text-align: center;\" data-start=\"208\" data-end=\"272\">\ubd80\ub4dc\ub7fd\uace0 \uac00\ubcbc\uc6b4 \ub370\uc774\ud06c\ub860 \uc18c\uc7ac\ub97c \uc0ac\uc6a9\ud574<br data-start=\"229\" data-end=\"232\" \/>\uc7a5\uc2dc\uac04 \ucc29\uc6a9\ud574\ub3c4 \ubd80\ub2f4\uc774 \uc801\uc73c\uba70, \ubc18\ubcf5\uc801\uc778 \uc791\uc5c5\uc5d0\ub3c4 \ud615\ud0dc\uac00 \uc798 \uc720\uc9c0\ub429\ub2c8\ub2e4.<\/p>\n<p style=\"text-align: center;\" data-start=\"274\" data-end=\"351\">\ubaa9 \ubd80\ubd84\uc740 \uc0ac\uc6a9\uc790\uc758 \uccb4\ud615\uc5d0 \ub9de\uac8c \uae38\uc774 \uc870\uc808\uc774 \uac00\ub2a5\ud574<br data-start=\"302\" data-end=\"305\" \/>\ud398\uc778\ud305, \ub4dc\ub85c\uc789, \uacf5\uc608, \ub3c4\uc608 \ub4f1 \ub2e4\uc591\ud55c \ubbf8\uc220 \uc791\uc5c5\uc5d0 \ud3b8\uc548\ud558\uac8c \ucc29\uc6a9\ud560 \uc218 \uc788\uc2b5\ub2c8\ub2e4.<\/p>\n<p style=\"text-align: center;\" data-start=\"353\" data-end=\"404\">\ubbf8\uc220\ud559\uc6d0, \uc791\uc5c5\uc2e4, \uacf5\ubc29\uc740 \ubb3c\ub860<br data-start=\"370\" data-end=\"373\" \/>\uac00\uc815\uc5d0\uc11c \uac1c\uc778 \ucc3d\uc791 \ud65c\ub3d9\uc6a9 \uc55e\uce58\ub9c8\ub85c\ub3c4 \ud65c\uc6a9\ub3c4\uac00 \ub192\uc2b5\ub2c8\ub2e4.<\/p>\n<p style=\"text-align: center;\" data-start=\"411\" data-end=\"426\"><strong data-start=\"411\" data-end=\"417\">\uc7ac\uc9c8<\/strong><br data-start=\"417\" data-end=\"420\" \/>\ub370\uc774\ud06c\ub860<\/p>\n<p style=\"text-align: center;\" data-start=\"428\" data-end=\"442\"><strong data-start=\"428\" data-end=\"434\">\uc0c9\uc0c1<\/strong><br data-start=\"434\" data-end=\"437\" \/>\uac80\uc815\uc0c9<\/p>\n<p style=\"text-align: center;\" data-start=\"444\" data-end=\"471\"><strong data-start=\"444\" data-end=\"451\">\uc0ac\uc774\uc988<\/strong><br data-start=\"451\" data-end=\"454\" \/>85 \u00d7 55cm (L \u00d7 W)<\/p>\n<p style=\"text-align: center;\" data-start=\"473\" data-end=\"491\"><strong data-start=\"473\" data-end=\"482\">\ubca8\ud2b8 \uae38\uc774<\/strong><br data-start=\"482\" data-end=\"485\" \/>76cm<\/p>\n<p style=\"text-align: center;\" data-start=\"493\" data-end=\"533\"><strong data-start=\"493\" data-end=\"503\">\uc804\uccb4 \uc0ac\uc774\uc988<\/strong><br data-start=\"503\" data-end=\"506\" \/>25 \u00d7 23.5 \u00d7 2cm (L \u00d7 W \u00d7 H)<\/p>\n<p style=\"text-align: center;\" data-start=\"535\" data-end=\"550\"><strong data-start=\"535\" data-end=\"541\">\ubb34\uac8c<\/strong><br data-start=\"541\" data-end=\"544\" \/>149g<\/p>\n<h3 style=\"text-align: center;\" data-start=\"535\" data-end=\"550\">Artistic aprons \/ Workshop artist Anti-pollution Simple<\/h3>\n<p style=\"text-align: center;\">\n<p style=\"text-align: center;\" data-start=\"552\" data-end=\"576\">It&#8217;s made of water-resistant materials even if paint or ink splatters<br \/>\nIt is easy to wipe off lightly even if contamination occurs, and it dries quickly after washing.<\/p>\n<p style=\"text-align: center;\">Use a soft and lightweight dacron material<br \/>\nIt is less burdensome even when worn for a long time, and it maintains its shape well even after repeated work.<\/p>\n<p style=\"text-align: center;\">The neck part can be adjusted according to the user&#8217;s body shape<br \/>\nIt can be worn comfortably for various art works such as painting, drawing, craft, and pottery.<\/p>\n<p style=\"text-align: center;\">Art institutes, studios, workshops<br \/>\nIt is also highly utilized as an apron for personal creative activities at home.<\/p>\n<p style=\"text-align: center;\">quality of the material<br \/>\nDacron<\/p>\n<p style=\"text-align: center;\">Color<br \/>\nBlack<\/p>\n<p style=\"text-align: center;\">Size<br \/>\n85 \u00d7 55cm (L \u00d7 W)<\/p>\n<p style=\"text-align: center;\">belt length<br \/>\n76cm<\/p>\n<p style=\"text-align: center;\">Full size<br \/>\n25 \u00d7 23.5 \u00d7 2cm (L \u00d7 W \u00d7 H)<\/p>\n<p style=\"text-align: center;\">Weight<br \/>\n149g<\/p>\n","protected":false},"excerpt":{"rendered":"<p>\ubbf8\uc220 \uc791\uc5c5\uc6a9 \uc55e\uce58\ub9c8 \/ \uc791\uc5c5\uc2e4 \uc608\uc220\uac00 \uc624\uc5fc\ubc29\uc9c0 \uc2ec\ud50c \ubb3c\uac10\uc774\ub098 \uc789\ud06c\uac00 \ud280\uc5b4\ub3c4 \ubb3c\uc5d0 \uac15\ud55c \uc18c\uc7ac\ub85c \uc81c\uc791\ub418\uc5b4\uc624\uc5fc\uc774 \uc0dd\uaca8\ub3c4 \uac00\ubccd\uac8c \ub2e6\uc544\ub0b4\uae30 \uc27d\uace0, \uc138\ucc99<\/p>\n","protected":false},"featured_media":24717,"comment_status":"open","ping_status":"closed","template":"","meta":[],"product_brand":[],"product_cat":[102,90,123],"product_tag":[],"class_list":{"0":"post-24709","1":"product","2":"type-product","3":"status-publish","4":"has-post-thumbnail","6":"product_cat-art","7":"product_cat-assist","8":"product_cat-123","10":"first","11":"instock","12":"shipping-taxable","13":"purchasable","14":"product-type-simple"},"_links":{"self":[{"href":"https:\/\/holyk.kr\/index.php?rest_route=\/wp\/v2\/product\/24709","targetHints":{"allow":["GET"]}}],"collection":[{"href":"https:\/\/holyk.kr\/index.php?rest_route=\/wp\/v2\/product"}],"about":[{"href":"https:\/\/holyk.kr\/index.php?rest_route=\/wp\/v2\/types\/product"}],"replies":[{"embeddable":true,"href":"https:\/\/holyk.kr\/index.php?rest_route=%2Fwp%2Fv2%2Fcomments&post=24709"}],"version-history":[{"count":2,"href":"https:\/\/holyk.kr\/index.php?rest_route=\/wp\/v2\/product\/24709\/revisions"}],"predecessor-version":[{"id":24720,"href":"https:\/\/holyk.kr\/index.php?rest_route=\/wp\/v2\/product\/24709\/revisions\/24720"}],"wp:featuredmedia":[{"embeddable":true,"href":"https:\/\/holyk.kr\/index.php?rest_route=\/wp\/v2\/media\/24717"}],"wp:attachment":[{"href":"https:\/\/holyk.kr\/index.php?rest_route=%2Fwp%2Fv2%2Fmedia&parent=24709"}],"wp:term":[{"taxonomy":"product_brand","embeddable":true,"href":"https:\/\/holyk.kr\/index.php?rest_route=%2Fwp%2Fv2%2Fproduct_brand&post=24709"},{"taxonomy":"product_cat","embeddable":true,"href":"https:\/\/holyk.kr\/index.php?rest_route=%2Fwp%2Fv2%2Fproduct_cat&post=24709"},{"taxonomy":"product_tag","embeddable":true,"href":"https:\/\/holyk.kr\/index.php?rest_route=%2Fwp%2Fv2%2Fproduct_tag&post=24709"}],"curies":[{"name":"wp","href":"https:\/\/api.w.org\/{rel}","templated":true}]}}